{"id":89,"date":"2018-02-21T16:40:18","date_gmt":"2018-02-21T15:40:18","guid":{"rendered":"http:\/\/evasianwn.fr\/?page_id=89"},"modified":"2018-02-21T16:42:41","modified_gmt":"2018-02-21T15:42:41","slug":"verificateur-de-reserves","status":"publish","type":"page","link":"https:\/\/evasianwn.fr\/index.php\/verificateur-de-reserves\/","title":{"rendered":"V\u00e9rificateur de r\u00e9serves"},"content":{"rendered":"<h1><span style=\"color: #e1b32a;\">LE V\u00c9RIFICATEUR DE R\u00c9SERVES<\/span><\/h1>\n<p><span style=\"color: #172c52;\">Cet item, qui vous est remis lors de votre premi\u00e8re connexion, vous permet de lister les ressources disponibles dans des Coffres \u00e0 Ressources artisanales personnels ou communs sur lesquels il sera activ\u00e9.<\/span><\/p>\n<p><img loading=\"lazy\" class=\"alignnone size-medium\" src=\"http:\/\/evasianwn.fr\/MAJartisanat.png\" width=\"1018\" height=\"768\" \/><\/p>\n","protected":false},"excerpt":{"rendered":"<p>LE V\u00c9RIFICATEUR DE R\u00c9SERVES Cet item, qui vous est remis lors de votre premi\u00e8re connexion, vous permet de lister les ressources disponibles dans des Coffres \u00e0 Ressources artisanales personnels ou communs sur lesquels il sera activ\u00e9.<\/p>\n","protected":false},"author":1,"featured_media":0,"parent":0,"menu_order":0,"comment_status":"closed","ping_status":"closed","template":"","meta":[],"_links":{"self":[{"href":"https:\/\/evasianwn.fr\/index.php\/wp-json\/wp\/v2\/pages\/89"}],"collection":[{"href":"https:\/\/evasianwn.fr\/index.php\/wp-json\/wp\/v2\/pages"}],"about":[{"href":"https:\/\/evasianwn.fr\/index.php\/wp-json\/wp\/v2\/types\/page"}],"author":[{"embeddable":true,"href":"https:\/\/evasianwn.fr\/index.php\/wp-json\/wp\/v2\/users\/1"}],"replies":[{"embeddable":true,"href":"https:\/\/evasianwn.fr\/index.php\/wp-json\/wp\/v2\/comments?post=89"}],"version-history":[{"count":4,"href":"https:\/\/evasianwn.fr\/index.php\/wp-json\/wp\/v2\/pages\/89\/revisions"}],"predecessor-version":[{"id":95,"href":"https:\/\/evasianwn.fr\/index.php\/wp-json\/wp\/v2\/pages\/89\/revisions\/95"}],"wp:attachment":[{"href":"https:\/\/evasianwn.fr\/index.php\/wp-json\/wp\/v2\/media?parent=89"}],"curies":[{"name":"wp","href":"https:\/\/api.w.org\/{rel}","templated":true}]}}