{"id":46,"date":"2018-02-18T16:09:49","date_gmt":"2018-02-18T15:09:49","guid":{"rendered":"http:\/\/evasianwn.fr\/?page_id=46"},"modified":"2018-04-24T18:45:13","modified_gmt":"2018-04-24T16:45:13","slug":"dresseur","status":"publish","type":"page","link":"https:\/\/evasianwn.fr\/index.php\/dresseur\/","title":{"rendered":"Dresseur"},"content":{"rendered":"<h1><strong><span style=\"color: #e1b32a;\">LE DRESSEUR<\/span><\/strong><\/h1>\n<p><em><span style=\"color: #172c52;\">Fournit: \/<\/span><\/em><br \/>\n<em><span style=\"color: #172c52;\">N\u00e9cessite: \/<\/span><\/em><\/p>\n<p><span style=\"color: #e1b32a;\"><strong>BASE<\/strong><\/span><br \/>\n<span style=\"color: #172c52;\">Le <strong>Dresseur<\/strong> est un m\u00e9tier qui permet de dresser des animaux sauvages, et quelques rares monstres.<\/span><\/p>\n<p><span style=\"color: #172c52;\"><strong><span style=\"color: #e1b32a;\">Dressage d&#8217;animaux<\/span><\/strong>: Le Dresseur doit s&#8217;\u00e9quiper de sa <strong>fl\u00fbte de dresseur<\/strong>, et utiliser celle-ci sur un <strong>animal<\/strong>. Un jet se lance, dont le DD est d\u00e9termin\u00e9 par votre pourcentage de chances de r\u00e9ussite (qui grandit progressivement mais commence \u00e0 10%, donc r\u00e9ussite sur un 1 \u00e0 10) minor\u00e9 du niveau de la cr\u00e9ature.\u00a0<\/span><br \/>\n<em><span style=\"color: #172c52;\">Exemple: Telmar le Dresseur r\u00eave d&#8217;avoir un Allosaure comme animal de compagnie, mais ce dernier est bien trop haut niveau: il a -2% (=0%) de chances de r\u00e9ussir. Il va falloir bosser!<\/span><\/em><\/p>\n<p><span style=\"color: #172c52;\">En cas de r\u00e9ussite, vous parvenez \u00e0 dresser l&#8217;animal: une <strong>Laisse<\/strong> se cr\u00e9e dans votre inventaire, du <strong>nom g\u00e9n\u00e9rique de l&#8217;animal<\/strong>. Vous pourrez<strong> invoquer trois fois cet animal<\/strong> avant que la laisse ne disparaisse (et cela pour donner de l&#8217;int\u00e9r\u00eat au m\u00e9tier, car si les laisses \u00e9taient infinies&#8230;). L&#8217;animal invoqu\u00e9 via laisse peut devenir votre compagnon et int\u00e9grer votre groupe sans probl\u00e8me, il vous aidera \u00e0 accomplir vos qu\u00eates. Vous pouvez faire parler votre animal dress\u00e9 en utilisant la <strong>commande &#8220;\/dm ;blabla&#8221;<\/strong>, ce qui fera dire &#8220;blabla&#8221; \u00e0 l&#8217;animal. Si vous d\u00e9sirez faire des emotes, rajoutez un espace (ex: \/dm ; *remue la queue*).<\/span><br \/>\n<span style=\"color: #172c52;\">Vous pouvez <strong>renommer votre animal en renommant sa laisse<\/strong> sur un des \u00e9tablis de renommage. (Exemple: \u00e0 Adamantia, dans un des comptoirs artisanaux).<\/span><\/p>\n<p><span style=\"color: #172c52;\">En cas d&#8217;\u00e9chec du jet de dressage, vous gagnez 1 point de niveau. En cas de r\u00e9ussite, vous gagnez entre 1 et le niveau de la cr\u00e9ature dress\u00e9e.<\/span><br \/>\n<span style=\"color: #172c52;\">Vous pouvez consulter votre niveau gr\u00e2ce \u00e0 l&#8217;item &#8220;Votre m\u00e9tier: Dresseur&#8221; en vente aupr\u00e8s de votre Ma\u00eetre Artisan.<\/span><\/p>\n<p><strong><span style=\"color: #e1b32a;\">JET DE MA\u00ceTRE<\/span><\/strong><br \/>\n<span style=\"color: #172c52;\"><span style=\"color: #e1b32a;\"><strong>Dressage d&#8217;animaux:<\/strong><\/span> Si vous visez un <strong>Lion<\/strong>, une <strong>Lionne<\/strong> ou un <strong>\u00c2ne<\/strong>, un<strong> second jet<\/strong> est lanc\u00e9: le Jet de Ma\u00eetre. Ce dernier octroie au Dresseur une infime chance (sur un 1 ou un 2, donc 2% de chances) de faire de la cr\u00e9ature cibl\u00e9e&#8230; une<strong> Monture<\/strong>!<\/span><br \/>\n<span style=\"color: #172c52;\">En cas de r\u00e9ussite, un message de f\u00e9licitations est envoy\u00e9 par le serveur pour faire part aux autres joueurs de votre haut fait: vous pouvez d\u00e9sactiver ce message gr\u00e2ce \u00e0 l&#8217;item &#8220;D\u00e9sactiver messages serveurs&#8221; qui vous a \u00e9t\u00e9 remis lors de votre premi\u00e8re connexion.<\/span><\/p>\n<p><span style=\"color: #172c52;\">En cas de bug sur une de vos laisses, pr\u00e9venez &#8220;(DM) JB&#8221; ou laissez un message dans le forum &#8220;La Traque aux Bugs&#8221;.<\/span><br \/>\n<strong><span style=\"color: #172c52;\">Attention, ne stockez surtout aucune laisse dans un Coffre BGF ou dans quelque contenant que ce soit mis \u00e0 part votre inventaire!<\/span><\/strong><\/p>\n","protected":false},"excerpt":{"rendered":"<p>LE DRESSEUR Fournit: \/ N\u00e9cessite: \/ BASE Le Dresseur est un m\u00e9tier qui permet de dresser des animaux sauvages, et quelques rares monstres. Dressage d&#8217;animaux: Le Dresseur doit s&#8217;\u00e9quiper de sa fl\u00fbte de dresseur, et utiliser celle-ci sur un animal. Un jet se lance, dont le DD est d\u00e9termin\u00e9 par votre pourcentage de chances de &hellip; <a href=\"https:\/\/evasianwn.fr\/index.php\/dresseur\/\" class=\"more-link\">Continue reading <span class=\"screen-reader-text\">Dresseur<\/span> <span class=\"meta-nav\">&rarr;<\/span><\/a><\/p>\n","protected":false},"author":1,"featured_media":0,"parent":0,"menu_order":0,"comment_status":"closed","ping_status":"closed","template":"","meta":[],"_links":{"self":[{"href":"https:\/\/evasianwn.fr\/index.php\/wp-json\/wp\/v2\/pages\/46"}],"collection":[{"href":"https:\/\/evasianwn.fr\/index.php\/wp-json\/wp\/v2\/pages"}],"about":[{"href":"https:\/\/evasianwn.fr\/index.php\/wp-json\/wp\/v2\/types\/page"}],"author":[{"embeddable":true,"href":"https:\/\/evasianwn.fr\/index.php\/wp-json\/wp\/v2\/users\/1"}],"replies":[{"embeddable":true,"href":"https:\/\/evasianwn.fr\/index.php\/wp-json\/wp\/v2\/comments?post=46"}],"version-history":[{"count":5,"href":"https:\/\/evasianwn.fr\/index.php\/wp-json\/wp\/v2\/pages\/46\/revisions"}],"predecessor-version":[{"id":258,"href":"https:\/\/evasianwn.fr\/index.php\/wp-json\/wp\/v2\/pages\/46\/revisions\/258"}],"wp:attachment":[{"href":"https:\/\/evasianwn.fr\/index.php\/wp-json\/wp\/v2\/media?parent=46"}],"curies":[{"name":"wp","href":"https:\/\/api.w.org\/{rel}","templated":true}]}}