{"id":45,"date":"2018-02-18T16:09:49","date_gmt":"2018-02-18T15:09:49","guid":{"rendered":"http:\/\/evasianwn.fr\/?page_id=45"},"modified":"2018-07-07T18:02:20","modified_gmt":"2018-07-07T16:02:20","slug":"joaillier","status":"publish","type":"page","link":"https:\/\/evasianwn.fr\/index.php\/joaillier\/","title":{"rendered":"Joaillier"},"content":{"rendered":"<h1><span style=\"color: #e1b32a;\">LE JOAILLIER<\/span><\/h1>\n<p><em><span style=\"color: #172c52;\">Fournit: \/<\/span><\/em><br \/>\n<em><span style=\"color: #172c52;\">N\u00e9cessite: Transmutateur<\/span><\/em><\/p>\n<p><strong><span style=\"color: #e1b32a;\">BASE<\/span><\/strong><br \/>\n<span style=\"color: #172c52;\">Le <strong>Joaillier<\/strong> fabrique des objets magiques: <strong>Anneaux et Amulettes.<\/strong><\/span><br \/>\n<span style=\"color: #172c52;\">Pour cela le Joaillier utilise des <strong>Essences<\/strong> qui lui sont<strong> fournies par le Transmutateur.<\/strong><\/span><br \/>\n<span style=\"color: #172c52;\">Il utilise deux objets: <strong>l&#8217;\u00c9tabli<\/strong> et <strong>le Sertisseur<\/strong>.<\/span><\/p>\n<p><span style=\"color: #172c52;\">Le Joaillier doit tout d&#8217;abord <strong>activer une Recette sur l&#8217;\u00c9tabli<\/strong>.\u00a0<\/span><br \/>\n<span style=\"color: #172c52;\">Une fois cela fait, dans l&#8217;\u00c9tabli, il <strong>d\u00e9pose 1\u00a0(ou 2 s&#8217;il est niveau 15000+, ou 3 s&#8217;il est niveau 45000+, <span style=\"color: #e1b32a;\">mais\u00a0une par une!<\/span>)<\/strong>\u00a0Essence(s) et le referme. L&#8217;Essence se dissout et est transmise au Sertisseur.<\/span><br \/>\n<span style=\"color: #172c52;\">Une fois cela fait, il ouvre et ferme le Sertisseur pour lancer le <strong>jet de cr\u00e9ation<\/strong>. Selon son pourcentage de chances, qui augmente avec son exp\u00e9rience dans le m\u00e9tier, il r\u00e9ussit ou non la cr\u00e9ation. <strong>Plus le jet est petit, meilleur c&#8217;est<\/strong>: il faut que le jet de cr\u00e9ation soit inf\u00e9rieur ou \u00e9gal \u00e0 vos chances de succ\u00e8s.<\/span><br \/>\n<em><span style=\"color: #172c52;\">Par exemple, un Joaillier en d\u00e9but de carri\u00e8re a 10% de chances de cr\u00e9er un objet: il doit donc faire de 1 \u00e0 10 pour y parvenir.<\/span><\/em><br \/>\n<em><span style=\"color: #172c52;\">En cas de succ\u00e8s, le Joaillier gagne de 1 \u00e0 6 points de niveau. En cas d&#8217;\u00e9chec, il gagne 1 point de niveau.<\/span><\/em><br \/>\n<span style=\"color: #172c52;\">Vous pouvez consulter votre niveau gr\u00e2ce \u00e0 l&#8217;item &#8220;Votre m\u00e9tier: Joaillier&#8221; en vente aupr\u00e8s de votre Ma\u00eetre Artisan.<\/span><\/p>\n<p><span style=\"color: #172c52;\">En cas de succ\u00e8s, l&#8217;objet d\u00e9sir\u00e9 est donc cr\u00e9\u00e9. Il b\u00e9n\u00e9ficiera de l&#8217;effet de l&#8217;Essence\u00a0(ou des deux effets si vous \u00eates Joaillier niveau 2000+ et avez mis, une par une et pas les deux en m\u00eame temps, deux essences sur l&#8217;Etabli). <strong>A vous de d\u00e9couvrir quel effet chaque Essence donne, selon son type et sa puissance!<\/strong> <em>Par exemple, une Essence de Vent Mod\u00e9r\u00e9e donnera un objet de Protection mineure, donc de +1 ou +2 CA.<\/em><\/span><\/p>\n<p><strong><span style=\"color: #172c52;\">JET DE MA\u00ceTRE<\/span><\/strong><br \/>\n<span style=\"color: #172c52;\">En cas de succ\u00e8s, un <strong>second jet<\/strong> est lanc\u00e9: le<strong> Jet de Ma\u00eetre<\/strong>. Ce dernier est un d100 qui, <strong>sur un 1 ou un 2<\/strong>, vous octroie une cr\u00e9ation de Ma\u00eetre. Outre un message g\u00e9n\u00e9ral au serveur (que l&#8217;on peut d\u00e9sactiver avec l&#8217;item &#8220;D\u00e9sactiver Messages Serveur&#8221; que l&#8217;on obtient \u00e0 sa premi\u00e8re connexion) qui avertit l&#8217;ensemble des autres joueurs, l&#8217;item cr\u00e9\u00e9 sera et donnera un <strong>bonus de CA de +1<\/strong>. Si vous projetiez d\u00e9j\u00e0 de cr\u00e9er un item avec bonus de CA, alors ce bonus se cumulera.<\/span><\/p>\n<p><span style=\"color: #172c52;\">Enfin, vous pouvez stocker d&#8217;un coup tous vos minerais dans un <strong>Coffre \u00e0 ressources artisanales<\/strong> (par exemple, au Comptoir Artisanal de Port-Turquoise sur l&#8217;\u00eele d&#8217;Adamantia).\u00a0<strong>Attention, ne stockez surtout aucune ressource artisanale dans un Coffre BGF!<\/strong><\/span><\/p>\n","protected":false},"excerpt":{"rendered":"<p>LE JOAILLIER Fournit: \/ N\u00e9cessite: Transmutateur BASE Le Joaillier fabrique des objets magiques: Anneaux et Amulettes. Pour cela le Joaillier utilise des Essences qui lui sont fournies par le Transmutateur. Il utilise deux objets: l&#8217;\u00c9tabli et le Sertisseur. Le Joaillier doit tout d&#8217;abord activer une Recette sur l&#8217;\u00c9tabli.\u00a0 Une fois cela fait, dans l&#8217;\u00c9tabli, il &hellip; <a href=\"https:\/\/evasianwn.fr\/index.php\/joaillier\/\" class=\"more-link\">Continue reading <span class=\"screen-reader-text\">Joaillier<\/span> <span class=\"meta-nav\">&rarr;<\/span><\/a><\/p>\n","protected":false},"author":1,"featured_media":0,"parent":0,"menu_order":0,"comment_status":"closed","ping_status":"closed","template":"","meta":[],"_links":{"self":[{"href":"https:\/\/evasianwn.fr\/index.php\/wp-json\/wp\/v2\/pages\/45"}],"collection":[{"href":"https:\/\/evasianwn.fr\/index.php\/wp-json\/wp\/v2\/pages"}],"about":[{"href":"https:\/\/evasianwn.fr\/index.php\/wp-json\/wp\/v2\/types\/page"}],"author":[{"embeddable":true,"href":"https:\/\/evasianwn.fr\/index.php\/wp-json\/wp\/v2\/users\/1"}],"replies":[{"embeddable":true,"href":"https:\/\/evasianwn.fr\/index.php\/wp-json\/wp\/v2\/comments?post=45"}],"version-history":[{"count":6,"href":"https:\/\/evasianwn.fr\/index.php\/wp-json\/wp\/v2\/pages\/45\/revisions"}],"predecessor-version":[{"id":294,"href":"https:\/\/evasianwn.fr\/index.php\/wp-json\/wp\/v2\/pages\/45\/revisions\/294"}],"wp:attachment":[{"href":"https:\/\/evasianwn.fr\/index.php\/wp-json\/wp\/v2\/media?parent=45"}],"curies":[{"name":"wp","href":"https:\/\/api.w.org\/{rel}","templated":true}]}}