{"id":342,"date":"2019-11-17T18:08:51","date_gmt":"2019-11-17T17:08:51","guid":{"rendered":"http:\/\/evasianwn.fr\/?page_id=342"},"modified":"2019-11-17T18:08:51","modified_gmt":"2019-11-17T17:08:51","slug":"les-meubles-persistants","status":"publish","type":"page","link":"https:\/\/evasianwn.fr\/index.php\/les-meubles-persistants\/","title":{"rendered":"Les Meubles Persistants"},"content":{"rendered":"<h1><span style=\"color: #e1b32a;\">Les Meubles Persistants<\/span><\/h1>\n<h2>Principe<\/h2>\n<p>Un B\u00fbcheron ou un Forgeron peuvent utiliser l\u2019<strong>\u00c9tabli de Fabrication de Meubles <\/strong>pour cr\u00e9er du<strong> mobilier <\/strong>qui <strong>subsistera sur le serveur<\/strong> m\u00eame en cas de reboot, jusqu&#8217;\u00e0 ce qu&#8217;il soit retir\u00e9, d\u00e9plac\u00e9 ou d\u00e9truit.<\/p>\n<h2>Utilisation<\/h2>\n<p>Une fois le meuble cr\u00e9\u00e9, il se mat\u00e9rialise dans votre <strong>inventaire<\/strong>. Vous pouvez <strong>l&#8217;activer sur le sol<\/strong> afin de l&#8217;y placer. Ensuite, vous pourrez interagir avec lui en cliquant dessus si une action peut \u00eatre entreprise (ex: s&#8217;asseoir sur une chaise). Si vous souhaitez le <strong>pivoter<\/strong>, le <strong>d\u00e9placer<\/strong>,\u00a0 le <strong>reprendre<\/strong>, ou encore le <strong>monter<\/strong> ou le <strong>descendre<\/strong>, utilisez l&#8217;objet <strong>&#8220;Outil de gestion des pla\u00e7ables&#8221;<\/strong> qui se trouve dans votre inventaire.<\/p>\n<p>&nbsp;<\/p>\n<p><img loading=\"lazy\" class=\"alignnone size-medium wp-image-343\" src=\"http:\/\/evasianwn.fr\/wp-content\/uploads\/2019\/11\/1.-Activer-recette-300x155.png\" alt=\"\" width=\"300\" height=\"155\" srcset=\"https:\/\/evasianwn.fr\/wp-content\/uploads\/2019\/11\/1.-Activer-recette-300x155.png 300w, https:\/\/evasianwn.fr\/wp-content\/uploads\/2019\/11\/1.-Activer-recette-768x396.png 768w, https:\/\/evasianwn.fr\/wp-content\/uploads\/2019\/11\/1.-Activer-recette.png 936w\" sizes=\"(max-width: 300px) 100vw, 300px\" \/><\/p>\n<p><em>Minsc, le grand R\u00f4deur, active une recette sur l&#8217;\u00e9tabli.<\/em><\/p>\n<p><img loading=\"lazy\" class=\"alignnone size-medium wp-image-344\" src=\"http:\/\/evasianwn.fr\/wp-content\/uploads\/2019\/11\/2.-cout-287x300.png\" alt=\"\" width=\"287\" height=\"300\" srcset=\"https:\/\/evasianwn.fr\/wp-content\/uploads\/2019\/11\/2.-cout-287x300.png 287w, https:\/\/evasianwn.fr\/wp-content\/uploads\/2019\/11\/2.-cout.png 424w\" sizes=\"(max-width: 287px) 100vw, 287px\" \/><\/p>\n<p><em>Une fois cela fait, il v\u00e9rifie le co\u00fbt en ressource et le m\u00e9tier n\u00e9cessaire pour cr\u00e9er le meuble.<\/em><\/p>\n<p><img loading=\"lazy\" class=\"alignnone size-medium wp-image-345\" src=\"http:\/\/evasianwn.fr\/wp-content\/uploads\/2019\/11\/3.-300x154.png\" alt=\"\" width=\"300\" height=\"154\" srcset=\"https:\/\/evasianwn.fr\/wp-content\/uploads\/2019\/11\/3.-300x154.png 300w, https:\/\/evasianwn.fr\/wp-content\/uploads\/2019\/11\/3.-768x395.png 768w, https:\/\/evasianwn.fr\/wp-content\/uploads\/2019\/11\/3..png 935w\" sizes=\"(max-width: 300px) 100vw, 300px\" \/><\/p>\n<p><em>Il ouvre, puis clique sur &#8220;Fermer&#8221; sur l&#8217;\u00e9tabli. Ce dernier prend tout seul le nombre de ressources requis dans son inventaire, s&#8217;il en a assez bien entendu.<\/em><\/p>\n<p><img loading=\"lazy\" class=\"alignnone size-medium wp-image-346\" src=\"http:\/\/evasianwn.fr\/wp-content\/uploads\/2019\/11\/4.-R\u00e9ussite-300x215.png\" alt=\"\" width=\"300\" height=\"215\" srcset=\"https:\/\/evasianwn.fr\/wp-content\/uploads\/2019\/11\/4.-R\u00e9ussite-300x215.png 300w, https:\/\/evasianwn.fr\/wp-content\/uploads\/2019\/11\/4.-R\u00e9ussite.png 330w\" sizes=\"(max-width: 300px) 100vw, 300px\" \/><\/p>\n<p><em>Minsc, qui est un b\u00fbcheron hors pair (et un peu cheat\u00e9 pour l&#8217;exemple), parvient \u00e0 fabriquer le meuble. Ce dernier se mat\u00e9rialise dans son inventaire!<\/em><\/p>\n<p><img loading=\"lazy\" class=\"alignnone size-medium wp-image-347\" src=\"http:\/\/evasianwn.fr\/wp-content\/uploads\/2019\/11\/5.-activation-300x159.png\" alt=\"\" width=\"300\" height=\"159\" srcset=\"https:\/\/evasianwn.fr\/wp-content\/uploads\/2019\/11\/5.-activation-300x159.png 300w, https:\/\/evasianwn.fr\/wp-content\/uploads\/2019\/11\/5.-activation-768x407.png 768w, https:\/\/evasianwn.fr\/wp-content\/uploads\/2019\/11\/5.-activation.png 936w\" sizes=\"(max-width: 300px) 100vw, 300px\" \/><\/p>\n<p><em>Heureux de sa r\u00e9ussite, il pose sa table dans un endroit d\u00e9gag\u00e9 pr\u00eat \u00e0 \u00eatre meubl\u00e9.<\/em><\/p>\n<p><img loading=\"lazy\" class=\"alignnone size-medium wp-image-348\" src=\"http:\/\/evasianwn.fr\/wp-content\/uploads\/2019\/11\/6.-rotation-300x198.png\" alt=\"\" width=\"300\" height=\"198\" srcset=\"https:\/\/evasianwn.fr\/wp-content\/uploads\/2019\/11\/6.-rotation-300x198.png 300w, https:\/\/evasianwn.fr\/wp-content\/uploads\/2019\/11\/6.-rotation.png 753w\" sizes=\"(max-width: 300px) 100vw, 300px\" \/><\/p>\n<p><em>Une fois la table pos\u00e9e, il utilise l'[Outil de gestion des pla\u00e7ables] pour interagir avec cette derni\u00e8re.<\/em><\/p>\n<p><img loading=\"lazy\" class=\"alignnone size-medium wp-image-349\" src=\"http:\/\/evasianwn.fr\/wp-content\/uploads\/2019\/11\/7.-discours-136x300.png\" alt=\"\" width=\"136\" height=\"300\" srcset=\"https:\/\/evasianwn.fr\/wp-content\/uploads\/2019\/11\/7.-discours-136x300.png 136w, https:\/\/evasianwn.fr\/wp-content\/uploads\/2019\/11\/7.-discours.png 348w\" sizes=\"(max-width: 136px) 100vw, 136px\" \/><\/p>\n<p><em>Il peut ainsi la tourner, la lever ou la descendre, la pivoter, la d\u00e9placer&#8230; ou la reprendre, autant qu&#8217;il veut!<\/em><\/p>\n","protected":false},"excerpt":{"rendered":"<p>Les Meubles Persistants Principe Un B\u00fbcheron ou un Forgeron peuvent utiliser l\u2019\u00c9tabli de Fabrication de Meubles pour cr\u00e9er du mobilier qui subsistera sur le serveur m\u00eame en cas de reboot, jusqu&#8217;\u00e0 ce qu&#8217;il soit retir\u00e9, d\u00e9plac\u00e9 ou d\u00e9truit. Utilisation Une fois le meuble cr\u00e9\u00e9, il se mat\u00e9rialise dans votre inventaire. Vous pouvez l&#8217;activer sur le &hellip; <a href=\"https:\/\/evasianwn.fr\/index.php\/les-meubles-persistants\/\" class=\"more-link\">Continue reading <span class=\"screen-reader-text\">Les Meubles Persistants<\/span> <span class=\"meta-nav\">&rarr;<\/span><\/a><\/p>\n","protected":false},"author":1,"featured_media":0,"parent":0,"menu_order":0,"comment_status":"closed","ping_status":"closed","template":"","meta":[],"_links":{"self":[{"href":"https:\/\/evasianwn.fr\/index.php\/wp-json\/wp\/v2\/pages\/342"}],"collection":[{"href":"https:\/\/evasianwn.fr\/index.php\/wp-json\/wp\/v2\/pages"}],"about":[{"href":"https:\/\/evasianwn.fr\/index.php\/wp-json\/wp\/v2\/types\/page"}],"author":[{"embeddable":true,"href":"https:\/\/evasianwn.fr\/index.php\/wp-json\/wp\/v2\/users\/1"}],"replies":[{"embeddable":true,"href":"https:\/\/evasianwn.fr\/index.php\/wp-json\/wp\/v2\/comments?post=342"}],"version-history":[{"count":1,"href":"https:\/\/evasianwn.fr\/index.php\/wp-json\/wp\/v2\/pages\/342\/revisions"}],"predecessor-version":[{"id":350,"href":"https:\/\/evasianwn.fr\/index.php\/wp-json\/wp\/v2\/pages\/342\/revisions\/350"}],"wp:attachment":[{"href":"https:\/\/evasianwn.fr\/index.php\/wp-json\/wp\/v2\/media?parent=342"}],"curies":[{"name":"wp","href":"https:\/\/api.w.org\/{rel}","templated":true}]}}