{"id":120,"date":"2018-02-22T09:36:06","date_gmt":"2018-02-22T08:36:06","guid":{"rendered":"http:\/\/evasianwn.fr\/?page_id=120"},"modified":"2018-02-22T09:42:05","modified_gmt":"2018-02-22T08:42:05","slug":"les-quetes-persistantes","status":"publish","type":"page","link":"https:\/\/evasianwn.fr\/index.php\/les-quetes-persistantes\/","title":{"rendered":"Les Qu\u00eates Persistantes"},"content":{"rendered":"<h1><span style=\"color: #e1b32a;\">LES QU\u00caTES PERSISTANTES<\/span><\/h1>\n<p><span style=\"color: #172c52;\">Sur Alpha\/CdE, les <strong>qu\u00eates<\/strong> sont <strong>script\u00e9es et persistantes<\/strong>, c&#8217;est-\u00e0-dire qu&#8217;elles ne peuvent \u00eatre accomplies qu&#8217;une seule fois par personnage, sauf celles qui consistent \u00e0 ramener des objets pr\u00e9cis \u00e0 un PNJ pr\u00e9cis\u00a0<em>(Exemple: les Dards de Piktos \u00e0 Dagg, sur l&#8217;\u00eele d&#8217;Adamantia).<\/em><\/span><\/p>\n<p><span style=\"color: #172c52;\">Il existe <strong>trois<\/strong> fa\u00e7ons de<strong> consulter les qu\u00eates de son personnage<\/strong>:<\/span><br \/>\n<span style=\"color: #172c52;\">&#8211; En tapant la commande chat\u00a0<span style=\"color: #e1b32a;\"><strong>!quetes<\/strong><\/span><\/span><br \/>\n<span style=\"color: #172c52;\">&#8211; En tapant la commande chat\u00a0<span style=\"color: #e1b32a;\"><strong>!journal<\/strong><\/span><\/span><br \/>\n<span style=\"color: #172c52;\">&#8211; Pour les anciens PJs, en activant votre &#8220;<strong>Journal de qu\u00eates<\/strong>&#8221; qui est dans votre inventaire.<\/span><\/p>\n<p><span style=\"color: #172c52;\">Une liste appara\u00eet alors.\u00a0<\/span><br \/>\n<span style=\"color: #172c52;\">Cette liste est diff\u00e9rente selon que vous vous trouviez dans le T\u00e9thyr ou sur l&#8217;\u00eele d&#8217;Adamantia. Les qu\u00eates sont cr\u00e9\u00e9es pour aller en <strong>difficult\u00e9 croissante selon le PNJ qui vous les donne<\/strong> (si ce PNJ en donne plusieurs), et il y en a pour tous les niveaux. Les qu\u00eates ont \u00e9t\u00e9 pens\u00e9es pour qu&#8217;un personnage de niveau 1 arrivant sur le serveur et les accomplissant toutes, sur l&#8217;une ou l&#8217;autre des r\u00e9gions du serveur, arrive au moins au niveau 14-15.\u00a0<\/span><\/p>\n<p><span style=\"color: #172c52;\">Il y a <strong>30 qu\u00eates persistante<\/strong>s sur <strong>l&#8217;\u00eele d&#8217;Adamantia<\/strong>.<\/span><br \/>\n<span style=\"color: #172c52;\">Il y a <strong>55 qu\u00eates persistantes<\/strong> dans le <strong>T\u00e9thyr<\/strong>.<\/span><\/p>\n<p><span style=\"color: #172c52;\">Une qu\u00eate non encore accomplie appara\u00eetra en\u00a0<strong><span style=\"color: #0000ff;\">bleu\u00a0<\/span><\/strong>dans la liste.<\/span><br \/>\n<span style=\"color: #172c52;\">Une qu\u00eate accomplie appara\u00eetra en\u00a0<span style=\"color: #00ff00;\"><strong>vert<\/strong> <\/span>dans la liste.<\/span><\/p>\n<p><span style=\"color: #172c52;\">Certaines qu\u00eates, notamment au T\u00e9thyr, ne sont accessibles qu&#8217;\u00e0 certaines classes ou races.\u00a0<\/span><br \/>\n<span style=\"color: #172c52;\">Toutes les qu\u00eates d&#8217;Adamantia peuvent \u00eatre faites par tous les personnages <em>(attention cependant \u00e0 ne pas braquer le PNJ qui les donne!)<\/em><\/span><\/p>\n<p><span style=\"color: #172c52;\">Attention: un <strong>syst\u00e8me anti-triche<\/strong> a \u00e9t\u00e9 install\u00e9 sur toutes les qu\u00eates, v\u00e9rifiant notamment votre niveau, votre possession effective de l&#8217;objet, etc. <strong>Si vous d\u00e9tectez un bug, signalez-le \u00e0 l&#8217;\u00e9quipe!<\/strong><\/span><\/p>\n","protected":false},"excerpt":{"rendered":"<p>LES QU\u00caTES PERSISTANTES Sur Alpha\/CdE, les qu\u00eates sont script\u00e9es et persistantes, c&#8217;est-\u00e0-dire qu&#8217;elles ne peuvent \u00eatre accomplies qu&#8217;une seule fois par personnage, sauf celles qui consistent \u00e0 ramener des objets pr\u00e9cis \u00e0 un PNJ pr\u00e9cis\u00a0(Exemple: les Dards de Piktos \u00e0 Dagg, sur l&#8217;\u00eele d&#8217;Adamantia). Il existe trois fa\u00e7ons de consulter les qu\u00eates de son personnage: &hellip; <a href=\"https:\/\/evasianwn.fr\/index.php\/les-quetes-persistantes\/\" class=\"more-link\">Continue reading <span class=\"screen-reader-text\">Les Qu\u00eates Persistantes<\/span> <span class=\"meta-nav\">&rarr;<\/span><\/a><\/p>\n","protected":false},"author":1,"featured_media":0,"parent":0,"menu_order":0,"comment_status":"closed","ping_status":"closed","template":"","meta":[],"_links":{"self":[{"href":"https:\/\/evasianwn.fr\/index.php\/wp-json\/wp\/v2\/pages\/120"}],"collection":[{"href":"https:\/\/evasianwn.fr\/index.php\/wp-json\/wp\/v2\/pages"}],"about":[{"href":"https:\/\/evasianwn.fr\/index.php\/wp-json\/wp\/v2\/types\/page"}],"author":[{"embeddable":true,"href":"https:\/\/evasianwn.fr\/index.php\/wp-json\/wp\/v2\/users\/1"}],"replies":[{"embeddable":true,"href":"https:\/\/evasianwn.fr\/index.php\/wp-json\/wp\/v2\/comments?post=120"}],"version-history":[{"count":3,"href":"https:\/\/evasianwn.fr\/index.php\/wp-json\/wp\/v2\/pages\/120\/revisions"}],"predecessor-version":[{"id":125,"href":"https:\/\/evasianwn.fr\/index.php\/wp-json\/wp\/v2\/pages\/120\/revisions\/125"}],"wp:attachment":[{"href":"https:\/\/evasianwn.fr\/index.php\/wp-json\/wp\/v2\/media?parent=120"}],"curies":[{"name":"wp","href":"https:\/\/api.w.org\/{rel}","templated":true}]}}