{"id":115,"date":"2018-02-22T09:24:36","date_gmt":"2018-02-22T08:24:36","guid":{"rendered":"http:\/\/evasianwn.fr\/?page_id=115"},"modified":"2018-02-22T09:32:25","modified_gmt":"2018-02-22T08:32:25","slug":"la-meteo","status":"publish","type":"page","link":"https:\/\/evasianwn.fr\/index.php\/la-meteo\/","title":{"rendered":"La M\u00e9t\u00e9o"},"content":{"rendered":"<h1><strong><span style=\"color: #e1b32a;\">LA M\u00c9T\u00c9O<\/span><\/strong><\/h1>\n<p><span style=\"color: #172c52;\">Dans le T\u00e9thyr, mais surtout sur l&#8217;\u00eele d&#8217;Adamantia, les conditions climatiques sont variables et parfois rudes.<\/span><br \/>\n<span style=\"color: #172c52;\">Sur Alpha\/CdE, les saisons sont prises en compte en fonction du mois calendaire. Pour faire simple, les saisons durent 3 mois chacune.<\/span><\/p>\n<p><span style=\"color: #172c52;\">Vous pourrez donc \u00eatre amen\u00e9s, sauf cas particulier d&#8217;animation (qui se souvient du ciel rouge sur Adamantia?), \u00e0 voir les couleurs, le ciel, la m\u00e9t\u00e9o \u00e9voluer au fil du temps sur les maps que vous traversez.\u00a0<\/span><\/p>\n<p><span style=\"color: #172c52;\">Vous pourrez donc \u00eatre amen\u00e9s \u00e0 souffrir du gel, de la chaleur intense, ou vous faire renverser par une bourrasque de vent&#8230; voire vous faire foudroyer par un \u00e9clair!<\/span><\/p>\n<p><span style=\"color: #172c52;\">Pour des raisons de\u00a0<em>gameplay<\/em>, les \u00e9l\u00e9ments \u00e9pargneront les joueurs de niveau 5 ou inf\u00e9rieur.<\/span><\/p>\n","protected":false},"excerpt":{"rendered":"<p>LA M\u00c9T\u00c9O Dans le T\u00e9thyr, mais surtout sur l&#8217;\u00eele d&#8217;Adamantia, les conditions climatiques sont variables et parfois rudes. Sur Alpha\/CdE, les saisons sont prises en compte en fonction du mois calendaire. Pour faire simple, les saisons durent 3 mois chacune. Vous pourrez donc \u00eatre amen\u00e9s, sauf cas particulier d&#8217;animation (qui se souvient du ciel rouge &hellip; <a href=\"https:\/\/evasianwn.fr\/index.php\/la-meteo\/\" class=\"more-link\">Continue reading <span class=\"screen-reader-text\">La M\u00e9t\u00e9o<\/span> <span class=\"meta-nav\">&rarr;<\/span><\/a><\/p>\n","protected":false},"author":1,"featured_media":0,"parent":0,"menu_order":0,"comment_status":"closed","ping_status":"closed","template":"","meta":[],"_links":{"self":[{"href":"https:\/\/evasianwn.fr\/index.php\/wp-json\/wp\/v2\/pages\/115"}],"collection":[{"href":"https:\/\/evasianwn.fr\/index.php\/wp-json\/wp\/v2\/pages"}],"about":[{"href":"https:\/\/evasianwn.fr\/index.php\/wp-json\/wp\/v2\/types\/page"}],"author":[{"embeddable":true,"href":"https:\/\/evasianwn.fr\/index.php\/wp-json\/wp\/v2\/users\/1"}],"replies":[{"embeddable":true,"href":"https:\/\/evasianwn.fr\/index.php\/wp-json\/wp\/v2\/comments?post=115"}],"version-history":[{"count":2,"href":"https:\/\/evasianwn.fr\/index.php\/wp-json\/wp\/v2\/pages\/115\/revisions"}],"predecessor-version":[{"id":119,"href":"https:\/\/evasianwn.fr\/index.php\/wp-json\/wp\/v2\/pages\/115\/revisions\/119"}],"wp:attachment":[{"href":"https:\/\/evasianwn.fr\/index.php\/wp-json\/wp\/v2\/media?parent=115"}],"curies":[{"name":"wp","href":"https:\/\/api.w.org\/{rel}","templated":true}]}}